{"id":4055,"date":"2016-04-20T20:44:12","date_gmt":"2016-04-20T17:44:12","guid":{"rendered":"https:\/\/saurabooking.com\/shows-list-all\/"},"modified":"2024-11-04T14:00:26","modified_gmt":"2024-11-04T12:00:26","slug":"shows-list-all","status":"publish","type":"page","link":"https:\/\/saurabooking.com\/en\/shows-list-all\/","title":{"rendered":"Shows"},"content":{"rendered":"<section class=\"wpb-content-wrapper\"><p>[vc_row][vc_column]<div class=\"masonry masonry-list events-list clearfix clearfix\"><article class=\"masonry-item post-5689 noisa_events type-noisa_events status-publish hentry noisa_event_type-future-events noisa_events_artists-satu-lii noisa_events_locations-kaarina\"><a href=\"https:\/\/saurabooking.com\/en\/events\/satu-lii-kaarina-talo\/\" class=\"event-li\"><span class=\"date\">8.5.2026<\/span><span class=\"venue\"><span>Kaarina, Finland<\/span><\/span><span class=\"title\">Satu Lii @ Kaarina-talo<\/span><\/a><\/article><article class=\"masonry-item post-5658 noisa_events type-noisa_events status-publish hentry noisa_event_type-future-events noisa_events_artists-varttina noisa_events_locations-espoo-fi\"><a href=\"https:\/\/saurabooking.com\/en\/events\/varttina-kannusali-2\/\" class=\"event-li\"><span class=\"date\">8.5.2026<\/span><span class=\"venue\"><span>Espoo, Finland<\/span><\/span><span class=\"title\">V\u00e4rttin\u00e4 @ Kannusali<\/span><\/a><\/article><article class=\"masonry-item post-5872 noisa_events type-noisa_events status-publish hentry noisa_event_type-future-events noisa_events_artists-vilma-jaa noisa_events_locations-seinajoki\"><a href=\"https:\/\/saurabooking.com\/en\/events\/vilma-jaa-rytmikorjaamo\/\" class=\"event-li\"><span class=\"date\">9.5.2026<\/span><span class=\"venue\"><span>Sein\u00e4joki, Finland<\/span><\/span><span class=\"title\">Vilma J\u00e4\u00e4 @ Rytmikorjaamo<\/span><\/a><\/article><article class=\"masonry-item post-5838 noisa_events type-noisa_events status-publish hentry noisa_event_type-future-events noisa_events_artists-saarisalo noisa_events_artists-vilma-jaa noisa_events_locations-tampere-finland\"><a href=\"https:\/\/saurabooking.com\/en\/events\/vilma-jaa-saarisalo-g-livelab-tampere\/\" class=\"event-li\"><span class=\"date\">15.5.2026<\/span><span class=\"venue\"><span>Tampere, Finland<\/span><\/span><span class=\"title\">Vilma J\u00e4\u00e4 & Saarisalo @ G Livelab Tampere<\/span><\/a><\/article><article class=\"masonry-item post-5738 noisa_events type-noisa_events status-publish hentry noisa_event_type-future-events noisa_events_artists-satu-lii noisa_events_locations-tampere-finland\"><a href=\"https:\/\/saurabooking.com\/en\/events\/satu-lii-telakka\/\" class=\"event-li\"><span class=\"date\">20.5.2026<\/span><span class=\"venue\"><span>Tampere, Finland<\/span><\/span><span class=\"title\">Satu Lii @ Telakka<\/span><\/a><\/article><article class=\"masonry-item post-5841 noisa_events type-noisa_events status-publish hentry noisa_event_type-future-events noisa_events_artists-maija-kauhanen noisa_events_locations-helsinki-finland\"><a href=\"https:\/\/saurabooking.com\/en\/events\/maija-kauhanen-private-event-5\/\" class=\"event-li\"><span class=\"date\">21.5.2026<\/span><span class=\"venue\"><span>Helsinki, Finland<\/span><\/span><span class=\"title\">Maija Kauhanen @ Private event<\/span><\/a><\/article><article class=\"masonry-item post-5882 noisa_events type-noisa_events status-publish hentry noisa_event_type-future-events noisa_events_artists-vilma-jaa noisa_events_locations-tampere-finland\"><a href=\"https:\/\/saurabooking.com\/en\/events\/vilma-jaa-private-event-2\/\" class=\"event-li\"><span class=\"date\">23.5.2026<\/span><span class=\"venue\"><span>Tampere, Finland<\/span><\/span><span class=\"title\">Vilma J\u00e4\u00e4 @\u00a0Private event<\/span><\/a><\/article><article class=\"masonry-item post-5839 noisa_events type-noisa_events status-publish hentry noisa_event_type-future-events noisa_events_artists-saarisalo noisa_events_locations-turku-finland\"><a href=\"https:\/\/saurabooking.com\/en\/events\/saarisalo-turun-kirkkopuiston-terassi\/\" class=\"event-li\"><span class=\"date\">26.5.2026<\/span><span class=\"venue\"><span>Turku, Finland<\/span><\/span><span class=\"title\">Saarisalo @ Turun kirkkopuiston terassi<\/span><\/a><\/article><article class=\"masonry-item post-5837 noisa_events type-noisa_events status-publish hentry noisa_event_type-future-events noisa_events_artists-hannaeerika noisa_events_artists-vilma-jaa noisa_events_locations-helsinki-finland\"><a href=\"https:\/\/saurabooking.com\/en\/events\/vilma-jaa-hannaeerika-korjaamo\/\" class=\"event-li\"><span class=\"date\">27.5.2026<\/span><span class=\"venue\"><span>Helsinki, Finland<\/span><\/span><span class=\"title\">Vilma J\u00e4\u00e4 & hannaeerika @ Korjaamo<\/span><\/a><\/article><article class=\"masonry-item post-5870 noisa_events type-noisa_events status-publish hentry noisa_event_type-future-events noisa_events_artists-ketunhautaintie noisa_events_locations-helsinki-finland\"><a href=\"https:\/\/saurabooking.com\/en\/events\/ketunhautaintie-manala\/\" class=\"event-li\"><span class=\"date\">29.5.2026<\/span><span class=\"venue\"><span>Helsinki, Finland<\/span><\/span><span class=\"title\">Ketunhautaintie @ Manala<\/span><\/a><\/article><article class=\"masonry-item post-5840 noisa_events type-noisa_events status-publish hentry noisa_event_type-future-events noisa_events_artists-saarisalo noisa_events_locations-kuopio\"><a href=\"https:\/\/saurabooking.com\/en\/events\/saarisalo-pannuhuone-kuopio\/\" class=\"event-li\"><span class=\"date\">29.5.2026<\/span><span class=\"venue\"><span>Kuopio, Finland<\/span><\/span><span class=\"title\">Saarisalo @ Pannuhuone, Kuopio<\/span><\/a><\/article><article class=\"masonry-item post-5900 noisa_events type-noisa_events status-publish hentry noisa_event_type-future-events noisa_events_artists-maija-kauhanen noisa_events_locations-helsinki-finland\"><a href=\"https:\/\/saurabooking.com\/en\/events\/maija-kauhanen-bar-favela\/\" class=\"event-li\"><span class=\"date\">2.6.2026<\/span><span class=\"venue\"><span>Helsinki, Finland<\/span><\/span><span class=\"title\">Maija Kauhanen @ Bar Favela<\/span><\/a><\/article><article class=\"masonry-item post-5843 noisa_events type-noisa_events status-publish hentry noisa_event_type-future-events noisa_events_artists-keidas noisa_events_locations-turku-finland\"><a href=\"https:\/\/saurabooking.com\/en\/events\/keidas-turun-kirkkopuiston-terassi\/\" class=\"event-li\"><span class=\"date\">13.6.2026<\/span><span class=\"venue\"><span>Turku, Finland<\/span><\/span><span class=\"title\">Keidas @ Turun Kirkkopuiston terassi<\/span><\/a><\/article><article class=\"masonry-item post-5899 noisa_events type-noisa_events status-publish hentry noisa_event_type-future-events noisa_events_artists-maija-kauhanen noisa_events_locations-vantaa\"><a href=\"https:\/\/saurabooking.com\/en\/events\/maija-kauhanen-hakansbolen-kartanon-avajaiset\/\" class=\"event-li\"><span class=\"date\">14.6.2026<\/span><span class=\"venue\"><span>Vantaa, Finland<\/span><\/span><span class=\"title\">Maija Kauhanen @ H\u00e5kansb\u00f6len kartanon avajaiset<\/span><\/a><\/article><article class=\"masonry-item post-5850 noisa_events type-noisa_events status-publish hentry noisa_event_type-future-events noisa_events_artists-vilma-jaa noisa_events_locations-turku-finland\"><a href=\"https:\/\/saurabooking.com\/en\/events\/vilma-jaa-riippumaton-jussi\/\" class=\"event-li\"><span class=\"date\">19.6.2026<\/span><span class=\"venue\"><span>Turku, Finland<\/span><\/span><span class=\"title\">Vilma J\u00e4\u00e4 @ Riippumaton Jussi<\/span><\/a><\/article><article class=\"masonry-item post-5769 noisa_events type-noisa_events status-publish hentry noisa_event_type-future-events noisa_events_artists-katarina-barruk noisa_events_locations-harstad-norway\"><a href=\"https:\/\/saurabooking.com\/en\/events\/katarina-barruk-festspillene\/\" class=\"event-li\"><span class=\"date\">20.6.2026<\/span><span class=\"venue\"><span>Harstad, Norway<\/span><\/span><span class=\"title\">Katarina Barruk @ Festspillene<\/span><\/a><\/article><article class=\"masonry-item post-5846 noisa_events type-noisa_events status-publish hentry noisa_event_type-future-events noisa_events_artists-maija-kauhanen noisa_events_locations-kuhmo-finland\"><a href=\"https:\/\/saurabooking.com\/en\/events\/maija-kauhanen-sommelo-festival\/\" class=\"event-li\"><span class=\"date\">24.6.2026<\/span><span class=\"venue\"><span>Kuhmo, Finland<\/span><\/span><span class=\"title\">Maija Kauhanen @ Sommelo festival<\/span><\/a><\/article><article class=\"masonry-item post-5842 noisa_events type-noisa_events status-publish hentry noisa_event_type-future-events noisa_events_artists-elsi-sloan noisa_events_locations-helsinki-finland\"><a href=\"https:\/\/saurabooking.com\/en\/events\/elsi-sloan-taidekoti-kirpila\/\" class=\"event-li\"><span class=\"date\">24.6.2026<\/span><span class=\"venue\"><span>Helsinki, Finland<\/span><\/span><span class=\"title\">Elsi Sloan @ Taidekoti Kirpil\u00e4<\/span><\/a><\/article><article class=\"masonry-item post-5849 noisa_events type-noisa_events status-publish hentry noisa_event_type-future-events noisa_events_artists-paivi-hirvonen noisa_events_locations-haapavesi\"><a href=\"https:\/\/saurabooking.com\/en\/events\/paivi-hirvonen-haapavesi-folk\/\" class=\"event-li\"><span class=\"date\">25.6.2026<\/span><span class=\"venue\"><span>Haapavesi, Finland<\/span><\/span><span class=\"title\">P\u00e4ivi Hirvonen @\u00a0Haapavesi Folk<\/span><\/a><\/article><article class=\"masonry-item post-5848 noisa_events type-noisa_events status-publish hentry noisa_event_type-future-events noisa_events_artists-maija-kauhanen noisa_events_locations-roveredo-switzerland\"><a href=\"https:\/\/saurabooking.com\/en\/events\/maija-kauhanen-grin-festival\/\" class=\"event-li\"><span class=\"date\">26.6.2026<\/span><span class=\"venue\"><span>Roveredo, Switzerland<\/span><\/span><span class=\"title\">Maija Kauhanen @\u00a0Grin Festival<\/span><\/a><\/article><article class=\"masonry-item post-5885 noisa_events type-noisa_events status-publish hentry noisa_event_type-future-events noisa_events_artists-paivi-hirvonen noisa_events_locations-germany-2\"><a href=\"https:\/\/saurabooking.com\/en\/events\/paivi-hirvonen-rudolstadt-festival\/\" class=\"event-li\"><span class=\"date\">4.7.2026 - 5.7.2026<\/span><span class=\"venue\"><span>Germany<\/span><\/span><span class=\"title\">P\u00e4ivi Hirvonen @ Rudolstadt Festival<\/span><\/a><\/article><article class=\"masonry-item post-5887 noisa_events type-noisa_events status-publish hentry noisa_event_type-future-events noisa_events_artists-varttina noisa_events_locations-joensuu-finland\"><a href=\"https:\/\/saurabooking.com\/en\/events\/varttina-ilovaari-festival\/\" class=\"event-li\"><span class=\"date\">4.7.2026<\/span><span class=\"venue\"><span>Joensuu, Finland<\/span><\/span><span class=\"title\">V\u00e4rttin\u00e4 @ Ilovaari Festival<\/span><\/a><\/article><article class=\"masonry-item post-5908 noisa_events type-noisa_events status-publish hentry noisa_event_type-future-events noisa_events_artists-luomuduo noisa_events_locations-helsinki-finland\"><a href=\"https:\/\/saurabooking.com\/en\/events\/luomuduo-helsinki-folk-festival\/\" class=\"event-li\"><span class=\"date\">11.7.2026<\/span><span class=\"venue\"><span>Helsinki, Finland<\/span><\/span><span class=\"title\">Luomuduo @ Helsinki Folk Festival<\/span><\/a><\/article><article class=\"masonry-item post-5909 noisa_events type-noisa_events status-publish hentry noisa_event_type-future-events noisa_events_artists-hannaeerika noisa_events_locations-kaustinen\"><a href=\"https:\/\/saurabooking.com\/en\/events\/hannaeerika-kaustinen-folk-music-festival\/\" class=\"event-li\"><span class=\"date\">15.7.2026 - 16.7.2026<\/span><span class=\"venue\"><span>Kaustinen, Finland<\/span><\/span><span class=\"title\">Hannaeerika @ Kaustinen Folk Music Festival<\/span><\/a><\/article><article class=\"masonry-item post-5901 noisa_events type-noisa_events status-publish hentry noisa_event_type-future-events noisa_events_artists-maija-kauhanen noisa_events_locations-kaustinen\"><a href=\"https:\/\/saurabooking.com\/en\/events\/maija-kauhanen-kaustinen-folk-music-festival\/\" class=\"event-li\"><span class=\"date\">16.7.2026 - 18.7.2026<\/span><span class=\"venue\"><span>Kaustinen, Finland<\/span><\/span><span class=\"title\">Maija Kauhanen @ Kaustinen Folk Music Festival<\/span><\/a><\/article><article class=\"masonry-item post-5893 noisa_events type-noisa_events status-publish hentry noisa_event_type-future-events noisa_events_artists-vilma-jaa noisa_events_locations-joensuu-finland\"><a href=\"https:\/\/saurabooking.com\/en\/events\/vilma-jaa-ilosaarirock\/\" class=\"event-li\"><span class=\"date\">17.7.2026<\/span><span class=\"venue\"><span>Joensuu, Finland<\/span><\/span><span class=\"title\">Vilma J\u00e4\u00e4 @ Ilosaarirock<\/span><\/a><\/article><article class=\"masonry-item post-5910 noisa_events type-noisa_events status-publish hentry noisa_event_type-future-events noisa_events_artists-saarisalo noisa_events_locations-suomussalmi-finland\"><a href=\"https:\/\/saurabooking.com\/en\/events\/saarisalo-suomussalmirock\/\" class=\"event-li\"><span class=\"date\">18.7.2026<\/span><span class=\"venue\"><span>Suomussalmi, Finland<\/span><\/span><span class=\"title\">Saarisalo @ Suomussalmirock<\/span><\/a><\/article><article class=\"masonry-item post-5894 noisa_events type-noisa_events status-publish hentry noisa_event_type-future-events noisa_events_artists-vilma-jaa noisa_events_locations-kaustinen\"><a href=\"https:\/\/saurabooking.com\/en\/events\/vilma-jaa-kaustinen-folk-music-festival\/\" class=\"event-li\"><span class=\"date\">18.7.2026<\/span><span class=\"venue\"><span>Kaustinen, Finland<\/span><\/span><span class=\"title\">Vilma J\u00e4\u00e4 @ Kaustinen Folk Music Festival<\/span><\/a><\/article><article class=\"masonry-item post-5905 noisa_events type-noisa_events status-publish hentry noisa_event_type-future-events noisa_events_artists-tuuletar noisa_events_locations-valkeakoski\"><a href=\"https:\/\/saurabooking.com\/en\/events\/tuuletar-tyovaen-musiikkitapahtuma\/\" class=\"event-li\"><span class=\"date\">23.7.2026<\/span><span class=\"venue\"><span>Valkeakoski, Finland<\/span><\/span><span class=\"title\">Tuuletar @\u00a0Ty\u00f6v\u00e4en musiikkitapahtuma<\/span><\/a><\/article><article class=\"masonry-item post-5889 noisa_events type-noisa_events status-publish hentry noisa_event_type-future-events noisa_events_artists-varttina noisa_events_locations-nyon-switzerland\"><a href=\"https:\/\/saurabooking.com\/en\/events\/varttina-paleo-festival\/\" class=\"event-li\"><span class=\"date\">24.7.2026<\/span><span class=\"venue\"><span>Nyon, Switzerland<\/span><\/span><span class=\"title\">V\u00e4rttin\u00e4 @ Pal\u00e9o Festival<\/span><\/a><\/article><article class=\"masonry-item post-5896 noisa_events type-noisa_events status-publish hentry noisa_event_type-future-events noisa_events_artists-vilma-jaa noisa_events_locations-kotka-finland\"><a href=\"https:\/\/saurabooking.com\/en\/events\/vilma-jaa-kotkan-meripaivat\/\" class=\"event-li\"><span class=\"date\">24.7.2026<\/span><span class=\"venue\"><span>Kotka, Finland<\/span><\/span><span class=\"title\">Vilma J\u00e4\u00e4 @\u00a0Kotkan Merip\u00e4iv\u00e4t<\/span><\/a><\/article><article class=\"masonry-item post-5903 noisa_events type-noisa_events status-publish hentry noisa_event_type-future-events noisa_events_artists-maija-kauhanen noisa_events_locations-harjavalta-finland\"><a href=\"https:\/\/saurabooking.com\/en\/events\/maija-kauhanen-karmarock\/\" class=\"event-li\"><span class=\"date\">25.7.2026<\/span><span class=\"venue\"><span>Harjavalta, Finland<\/span><\/span><span class=\"title\">Maija Kauhanen @\u00a0Karmarock<\/span><\/a><\/article><article class=\"masonry-item post-5886 noisa_events type-noisa_events status-publish hentry noisa_event_type-future-events noisa_events_artists-paivi-hirvonen noisa_events_locations-valkeakoski\"><a href=\"https:\/\/saurabooking.com\/en\/events\/paivi-hirvonen-tyovaen-musiikkitapahtuma\/\" class=\"event-li\"><span class=\"date\">25.7.2026<\/span><span class=\"venue\"><span>Valkeakoski, Finland<\/span><\/span><span class=\"title\">P\u00e4ivi Hirvonen @\u00a0Ty\u00f6v\u00e4en musiikkitapahtuma<\/span><\/a><\/article><article class=\"masonry-item post-5911 noisa_events type-noisa_events status-publish hentry noisa_event_type-future-events noisa_events_artists-saarisalo noisa_events_locations-valkeakoski\"><a href=\"https:\/\/saurabooking.com\/en\/events\/saarisalo-tyovaen-musiikkitapahtuma\/\" class=\"event-li\"><span class=\"date\">25.7.2026<\/span><span class=\"venue\"><span>Valkeakoski, Finland<\/span><\/span><span class=\"title\">Saarisalo @\u00a0Ty\u00f6v\u00e4en musiikkitapahtuma<\/span><\/a><\/article><article class=\"masonry-item post-5906 noisa_events type-noisa_events status-publish hentry noisa_event_type-future-events noisa_events_artists-tuuletar noisa_events_locations-nyon-switzerland\"><a href=\"https:\/\/saurabooking.com\/en\/events\/tuuletar-paleo-festival\/\" class=\"event-li\"><span class=\"date\">26.7.2026<\/span><span class=\"venue\"><span>Nyon, Switzerland<\/span><\/span><span class=\"title\">Tuuletar @ Paleo Festival<\/span><\/a><\/article><article class=\"masonry-item post-5891 noisa_events type-noisa_events status-publish hentry noisa_event_type-future-events noisa_events_artists-varttina noisa_events_locations-krems-austria\"><a href=\"https:\/\/saurabooking.com\/en\/events\/varttina-glatt-verkehrt-festival\/\" class=\"event-li\"><span class=\"date\">26.7.2026<\/span><span class=\"venue\"><span>Krems, Austria<\/span><\/span><span class=\"title\">V\u00e4rttin\u00e4 @ Glatt & Verkehrt Festival<\/span><\/a><\/article><article class=\"masonry-item post-5904 noisa_events type-noisa_events status-publish hentry noisa_event_type-future-events noisa_events_artists-maija-kauhanen noisa_events_locations-tuusula\"><a href=\"https:\/\/saurabooking.com\/en\/events\/maija-kauhanen-meidan-festivaali\/\" class=\"event-li\"><span class=\"date\">28.7.2026 - 30.7.2026<\/span><span class=\"venue\"><span>Tuusula, Finland<\/span><\/span><span class=\"title\">Maija Kauhanen @ Meid\u00e4n Festivaali<\/span><\/a><\/article><article class=\"masonry-item post-5897 noisa_events type-noisa_events status-publish hentry noisa_event_type-future-events noisa_events_artists-vilma-jaa noisa_events_locations-loviisa\"><a href=\"https:\/\/saurabooking.com\/en\/events\/vilma-jaa-saltfest-2\/\" class=\"event-li\"><span class=\"date\">30.7.2026<\/span><span class=\"venue\"><span>Loviisa, Finland<\/span><\/span><span class=\"title\">Vilma J\u00e4\u00e4 @\u00a0Saltfest<\/span><\/a><\/article><article class=\"masonry-item post-5913 noisa_events type-noisa_events status-publish hentry noisa_event_type-future-events noisa_events_artists-saarisalo noisa_events_locations-suonenjoki-finland\"><a href=\"https:\/\/saurabooking.com\/en\/events\/saarisalo-suonenjoki\/\" class=\"event-li\"><span class=\"date\">30.7.2026<\/span><span class=\"venue\"><span>Suonenjoki, Finland<\/span><\/span><span class=\"title\">Saarisalo @ Suonenjoki<\/span><\/a><\/article><article class=\"masonry-item post-5916 noisa_events type-noisa_events status-publish hentry noisa_event_type-future-events noisa_events_artists-saarisalo noisa_events_locations-puolanka-finland\"><a href=\"https:\/\/saurabooking.com\/en\/events\/saarisalo-pohjanoteeraus\/\" class=\"event-li\"><span class=\"date\">31.7.2026<\/span><span class=\"venue\"><span>Puolanka, Finland<\/span><\/span><span class=\"title\">Saarisalo @ Pohjanoteeraus<\/span><\/a><\/article><\/div><div class=\"clear\"><\/div>[\/vc_column][\/vc_row]<\/p>\n<\/section>","protected":false},"excerpt":{"rendered":"<p>[vc_row][vc_column][\/vc_column][\/vc_row]<\/p>\n","protected":false},"author":1,"featured_media":0,"parent":0,"menu_order":0,"comment_status":"closed","ping_status":"closed","template":"page-templates\/events-list.php","meta":{"footnotes":""},"class_list":["post-4055","page","type-page","status-publish","hentry"],"yoast_head":"<!-- This site is optimized with the Yoast SEO plugin v27.5 - https:\/\/yoast.com\/product\/yoast-seo-wordpress\/ -->\n<title>Shows - Saura Booking Agency<\/title>\n<meta name=\"robots\" content=\"index, follow, max-snippet:-1, max-image-preview:large, max-video-preview:-1\" \/>\n<link rel=\"canonical\" href=\"https:\/\/saurabooking.com\/en\/shows-list-all\/\" \/>\n<meta property=\"og:locale\" content=\"en_US\" \/>\n<meta property=\"og:type\" content=\"article\" \/>\n<meta property=\"og:title\" content=\"Shows - Saura Booking Agency\" \/>\n<meta property=\"og:description\" content=\"[vc_row][vc_column][\/vc_column][\/vc_row]\" \/>\n<meta property=\"og:url\" content=\"https:\/\/saurabooking.com\/en\/shows-list-all\/\" \/>\n<meta property=\"og:site_name\" content=\"Saura Booking Agency\" \/>\n<meta property=\"article:publisher\" content=\"https:\/\/www.facebook.com\/saurabooking\" \/>\n<meta property=\"article:modified_time\" content=\"2024-11-04T12:00:26+00:00\" \/>\n<meta name=\"twitter:card\" content=\"summary_large_image\" \/>\n<meta name=\"twitter:label1\" content=\"Est. reading time\" \/>\n\t<meta name=\"twitter:data1\" content=\"1 minute\" \/>\n<script type=\"application\/ld+json\" class=\"yoast-schema-graph\">{\"@context\":\"https:\\\/\\\/schema.org\",\"@graph\":[{\"@type\":\"WebPage\",\"@id\":\"https:\\\/\\\/saurabooking.com\\\/en\\\/shows-list-all\\\/\",\"url\":\"https:\\\/\\\/saurabooking.com\\\/en\\\/shows-list-all\\\/\",\"name\":\"Shows - Saura Booking Agency\",\"isPartOf\":{\"@id\":\"https:\\\/\\\/saurabooking.com\\\/en\\\/#website\"},\"datePublished\":\"2016-04-20T17:44:12+00:00\",\"dateModified\":\"2024-11-04T12:00:26+00:00\",\"breadcrumb\":{\"@id\":\"https:\\\/\\\/saurabooking.com\\\/en\\\/shows-list-all\\\/#breadcrumb\"},\"inLanguage\":\"en-US\",\"potentialAction\":[{\"@type\":\"ReadAction\",\"target\":[\"https:\\\/\\\/saurabooking.com\\\/en\\\/shows-list-all\\\/\"]}]},{\"@type\":\"BreadcrumbList\",\"@id\":\"https:\\\/\\\/saurabooking.com\\\/en\\\/shows-list-all\\\/#breadcrumb\",\"itemListElement\":[{\"@type\":\"ListItem\",\"position\":1,\"name\":\"Home\",\"item\":\"https:\\\/\\\/saurabooking.com\\\/en\\\/\"},{\"@type\":\"ListItem\",\"position\":2,\"name\":\"Shows\"}]},{\"@type\":\"WebSite\",\"@id\":\"https:\\\/\\\/saurabooking.com\\\/en\\\/#website\",\"url\":\"https:\\\/\\\/saurabooking.com\\\/en\\\/\",\"name\":\"Saura Booking Agency\",\"description\":\"Music Agency and Management\",\"potentialAction\":[{\"@type\":\"SearchAction\",\"target\":{\"@type\":\"EntryPoint\",\"urlTemplate\":\"https:\\\/\\\/saurabooking.com\\\/en\\\/?s={search_term_string}\"},\"query-input\":{\"@type\":\"PropertyValueSpecification\",\"valueRequired\":true,\"valueName\":\"search_term_string\"}}],\"inLanguage\":\"en-US\"}]}<\/script>\n<!-- \/ Yoast SEO plugin. -->","yoast_head_json":{"title":"Shows - Saura Booking Agency","robots":{"index":"index","follow":"follow","max-snippet":"max-snippet:-1","max-image-preview":"max-image-preview:large","max-video-preview":"max-video-preview:-1"},"canonical":"https:\/\/saurabooking.com\/en\/shows-list-all\/","og_locale":"en_US","og_type":"article","og_title":"Shows - Saura Booking Agency","og_description":"[vc_row][vc_column][\/vc_column][\/vc_row]","og_url":"https:\/\/saurabooking.com\/en\/shows-list-all\/","og_site_name":"Saura Booking Agency","article_publisher":"https:\/\/www.facebook.com\/saurabooking","article_modified_time":"2024-11-04T12:00:26+00:00","twitter_card":"summary_large_image","twitter_misc":{"Est. reading time":"1 minute"},"schema":{"@context":"https:\/\/schema.org","@graph":[{"@type":"WebPage","@id":"https:\/\/saurabooking.com\/en\/shows-list-all\/","url":"https:\/\/saurabooking.com\/en\/shows-list-all\/","name":"Shows - Saura Booking Agency","isPartOf":{"@id":"https:\/\/saurabooking.com\/en\/#website"},"datePublished":"2016-04-20T17:44:12+00:00","dateModified":"2024-11-04T12:00:26+00:00","breadcrumb":{"@id":"https:\/\/saurabooking.com\/en\/shows-list-all\/#breadcrumb"},"inLanguage":"en-US","potentialAction":[{"@type":"ReadAction","target":["https:\/\/saurabooking.com\/en\/shows-list-all\/"]}]},{"@type":"BreadcrumbList","@id":"https:\/\/saurabooking.com\/en\/shows-list-all\/#breadcrumb","itemListElement":[{"@type":"ListItem","position":1,"name":"Home","item":"https:\/\/saurabooking.com\/en\/"},{"@type":"ListItem","position":2,"name":"Shows"}]},{"@type":"WebSite","@id":"https:\/\/saurabooking.com\/en\/#website","url":"https:\/\/saurabooking.com\/en\/","name":"Saura Booking Agency","description":"Music Agency and Management","potentialAction":[{"@type":"SearchAction","target":{"@type":"EntryPoint","urlTemplate":"https:\/\/saurabooking.com\/en\/?s={search_term_string}"},"query-input":{"@type":"PropertyValueSpecification","valueRequired":true,"valueName":"search_term_string"}}],"inLanguage":"en-US"}]}},"_links":{"self":[{"href":"https:\/\/saurabooking.com\/en\/wp-json\/wp\/v2\/pages\/4055","targetHints":{"allow":["GET"]}}],"collection":[{"href":"https:\/\/saurabooking.com\/en\/wp-json\/wp\/v2\/pages"}],"about":[{"href":"https:\/\/saurabooking.com\/en\/wp-json\/wp\/v2\/types\/page"}],"author":[{"embeddable":true,"href":"https:\/\/saurabooking.com\/en\/wp-json\/wp\/v2\/users\/1"}],"replies":[{"embeddable":true,"href":"https:\/\/saurabooking.com\/en\/wp-json\/wp\/v2\/comments?post=4055"}],"version-history":[{"count":4,"href":"https:\/\/saurabooking.com\/en\/wp-json\/wp\/v2\/pages\/4055\/revisions"}],"predecessor-version":[{"id":4060,"href":"https:\/\/saurabooking.com\/en\/wp-json\/wp\/v2\/pages\/4055\/revisions\/4060"}],"wp:attachment":[{"href":"https:\/\/saurabooking.com\/en\/wp-json\/wp\/v2\/media?parent=4055"}],"curies":[{"name":"wp","href":"https:\/\/api.w.org\/{rel}","templated":true}]}}