{"id":4041,"date":"2024-07-02T15:17:49","date_gmt":"2024-07-02T12:17:49","guid":{"rendered":"https:\/\/saurabooking.com\/news\/"},"modified":"2025-07-29T10:52:42","modified_gmt":"2025-07-29T07:52:42","slug":"news","status":"publish","type":"page","link":"https:\/\/saurabooking.com\/en\/news\/","title":{"rendered":"News"},"content":{"rendered":"<section class=\"wpb-content-wrapper\"><p>[vc_row][vc_column][vc_custom_heading text=&#8221;News&#8221; font_container=&#8221;tag:h1|text_align:left&#8221; use_theme_fonts=&#8221;yes&#8221;]<div class=\"posts-list \"><a href=\"https:\/\/saurabooking.com\/en\/tuuletar-kansainvalisessa-nosteessa-tuuletar-in-international-momentum\/\"><span class=\"date\">02.03.2026<\/span><div class=\"title\"><h2>Tuuletar kansainv\u00e4lisess\u00e4 nosteessa \/ Tuuletar in International Momentum<\/h2><\/div><span class=\"cats\">News from<\/span><\/a><a href=\"https:\/\/saurabooking.com\/en\/the-return-of-varttinan-listen-to-the-new-single-igane-now-varttina-is-back-listen-to-the-new-single-igane-now\/\"><span class=\"date\">01.07.2024<\/span><div class=\"title\"><h2>V\u00e4rttin\u00e4n paluu! Kuuntele uusi single Ig\u00e4ne nyt! \/ V\u00e4rttin\u00e4 is back! Listen to the new single &#8216;Ig\u00e4ne&#8217; now!<\/h2><\/div><span class=\"cats\">News from<\/span><\/a><a href=\"https:\/\/saurabooking.com\/en\/saarisalo-and-saura-booking-to-cooperate-saura-booking-has-started-a-collaboration-with-saarisalo\/\"><span class=\"date\">17.05.2024<\/span><div class=\"title\"><h2>Saarisalo ja Saura Booking yhteisty\u00f6h\u00f6n! \/ Saura Booking has started a collaboration with Saarisalo!<\/h2><\/div><span class=\"cats\">News from<\/span><\/a><a href=\"https:\/\/saurabooking.com\/en\/venla-ilona-blom-joins-the-saura-roster-venla-ilona-blom-added-to-sauras-roster\/\"><span class=\"date\">13.05.2024<\/span><div class=\"title\"><h2>Venla Ilona Blom liittyy Sauran rosteriin! \/ Venla Ilona Blom added to Saura&#8217;s roster!<\/h2><\/div><span class=\"cats\">News from<\/span><\/a><a href=\"https:\/\/saurabooking.com\/en\/saura-booking-starts-cooperation-with-zemiene-zemiene-has-been-added-to-sauras-roster\/\"><span class=\"date\">11.04.2024<\/span><div class=\"title\"><h2>Saura Booking aloittaa yhteisty\u00f6n Zemienen kanssa! \/ Zemiene has been added to Saura&#8217;s roster!<\/h2><\/div><span class=\"cats\">News from<\/span><\/a><a href=\"https:\/\/saurabooking.com\/en\/nightlore-gathers-tradition-breaking-artists-to-korjaamo-this-saturday\/\"><span class=\"date\">09.04.2024<\/span><div class=\"title\"><h2>Nightlore gathers tradition-breaking artists to Korjaamo this Saturday!<\/h2><\/div><span class=\"cats\">News from<\/span><\/a><a href=\"https:\/\/saurabooking.com\/en\/satu-lis-new-single-kyyneleita-is-out-now\/\"><span class=\"date\">29.02.2024<\/span><div class=\"title\"><h2>Satu Li&#8217;s new single Kyyneleit\u00e4 is out now!<\/h2><\/div><span class=\"cats\">News from<\/span><\/a><a href=\"https:\/\/saurabooking.com\/en\/saura-booking-congratulates-vilma-jaa-wins-the-emma-award-and-puuluup-to-the-eurovision-song-contest\/\"><span class=\"date\">19.02.2024<\/span><div class=\"title\"><h2>Saura Booking congratulates: Vilma J\u00e4\u00e4 wins the Emma Award and Puuluup to the Eurovision Song Contest!<\/h2><\/div><span class=\"cats\">News from<\/span><\/a><a href=\"https:\/\/saurabooking.com\/en\/leija-lautamajas-debut-single-will-be-released-on-friday-5-1-2024\/\"><span class=\"date\">02.01.2024<\/span><div class=\"title\"><h2>Leija Lautamaja&#8217;s debut single will be released on Friday 5.1.2024!<\/h2><\/div><span class=\"cats\">News from<\/span><\/a><\/div>[\/vc_column][\/vc_row]<\/p>\n<\/section>","protected":false},"excerpt":{"rendered":"<p>[vc_row][vc_column][vc_custom_heading text=&#8221;News&#8221; font_container=&#8221;tag:h1|text_align:left&#8221; use_theme_fonts=&#8221;yes&#8221;][\/vc_column][\/vc_row]<\/p>\n","protected":false},"author":1,"featured_media":0,"parent":0,"menu_order":0,"comment_status":"closed","ping_status":"closed","template":"","meta":{"footnotes":""},"class_list":["post-4041","page","type-page","status-publish","hentry"],"yoast_head":"<!-- This site is optimized with the Yoast SEO plugin v27.3 - https:\/\/yoast.com\/product\/yoast-seo-wordpress\/ -->\n<title>News - Saura Booking Agency<\/title>\n<meta name=\"robots\" content=\"index, follow, max-snippet:-1, max-image-preview:large, max-video-preview:-1\" \/>\n<link rel=\"canonical\" href=\"https:\/\/saurabooking.com\/en\/news\/\" \/>\n<meta property=\"og:locale\" content=\"en_US\" \/>\n<meta property=\"og:type\" content=\"article\" \/>\n<meta property=\"og:title\" content=\"News - Saura Booking Agency\" \/>\n<meta property=\"og:description\" content=\"[vc_row][vc_column][vc_custom_heading text=&#8221;News&#8221; font_container=&#8221;tag:h1|text_align:left&#8221; use_theme_fonts=&#8221;yes&#8221;][\/vc_column][\/vc_row]\" \/>\n<meta property=\"og:url\" content=\"https:\/\/saurabooking.com\/en\/news\/\" \/>\n<meta property=\"og:site_name\" content=\"Saura Booking Agency\" \/>\n<meta property=\"article:publisher\" content=\"https:\/\/www.facebook.com\/saurabooking\" \/>\n<meta property=\"article:modified_time\" content=\"2025-07-29T07:52:42+00:00\" \/>\n<meta name=\"twitter:card\" content=\"summary_large_image\" \/>\n<meta name=\"twitter:label1\" content=\"Est. reading time\" \/>\n\t<meta name=\"twitter:data1\" content=\"1 minute\" \/>\n<script type=\"application\/ld+json\" class=\"yoast-schema-graph\">{\"@context\":\"https:\\\/\\\/schema.org\",\"@graph\":[{\"@type\":\"WebPage\",\"@id\":\"https:\\\/\\\/saurabooking.com\\\/en\\\/news\\\/\",\"url\":\"https:\\\/\\\/saurabooking.com\\\/en\\\/news\\\/\",\"name\":\"News - Saura Booking Agency\",\"isPartOf\":{\"@id\":\"https:\\\/\\\/saurabooking.com\\\/en\\\/#website\"},\"datePublished\":\"2024-07-02T12:17:49+00:00\",\"dateModified\":\"2025-07-29T07:52:42+00:00\",\"breadcrumb\":{\"@id\":\"https:\\\/\\\/saurabooking.com\\\/en\\\/news\\\/#breadcrumb\"},\"inLanguage\":\"en-US\",\"potentialAction\":[{\"@type\":\"ReadAction\",\"target\":[\"https:\\\/\\\/saurabooking.com\\\/en\\\/news\\\/\"]}]},{\"@type\":\"BreadcrumbList\",\"@id\":\"https:\\\/\\\/saurabooking.com\\\/en\\\/news\\\/#breadcrumb\",\"itemListElement\":[{\"@type\":\"ListItem\",\"position\":1,\"name\":\"Home\",\"item\":\"https:\\\/\\\/saurabooking.com\\\/en\\\/\"},{\"@type\":\"ListItem\",\"position\":2,\"name\":\"News\"}]},{\"@type\":\"WebSite\",\"@id\":\"https:\\\/\\\/saurabooking.com\\\/en\\\/#website\",\"url\":\"https:\\\/\\\/saurabooking.com\\\/en\\\/\",\"name\":\"Saura Booking Agency\",\"description\":\"Music Agency and Management\",\"potentialAction\":[{\"@type\":\"SearchAction\",\"target\":{\"@type\":\"EntryPoint\",\"urlTemplate\":\"https:\\\/\\\/saurabooking.com\\\/en\\\/?s={search_term_string}\"},\"query-input\":{\"@type\":\"PropertyValueSpecification\",\"valueRequired\":true,\"valueName\":\"search_term_string\"}}],\"inLanguage\":\"en-US\"}]}<\/script>\n<!-- \/ Yoast SEO plugin. -->","yoast_head_json":{"title":"News - Saura Booking Agency","robots":{"index":"index","follow":"follow","max-snippet":"max-snippet:-1","max-image-preview":"max-image-preview:large","max-video-preview":"max-video-preview:-1"},"canonical":"https:\/\/saurabooking.com\/en\/news\/","og_locale":"en_US","og_type":"article","og_title":"News - Saura Booking Agency","og_description":"[vc_row][vc_column][vc_custom_heading text=&#8221;News&#8221; font_container=&#8221;tag:h1|text_align:left&#8221; use_theme_fonts=&#8221;yes&#8221;][\/vc_column][\/vc_row]","og_url":"https:\/\/saurabooking.com\/en\/news\/","og_site_name":"Saura Booking Agency","article_publisher":"https:\/\/www.facebook.com\/saurabooking","article_modified_time":"2025-07-29T07:52:42+00:00","twitter_card":"summary_large_image","twitter_misc":{"Est. reading time":"1 minute"},"schema":{"@context":"https:\/\/schema.org","@graph":[{"@type":"WebPage","@id":"https:\/\/saurabooking.com\/en\/news\/","url":"https:\/\/saurabooking.com\/en\/news\/","name":"News - Saura Booking Agency","isPartOf":{"@id":"https:\/\/saurabooking.com\/en\/#website"},"datePublished":"2024-07-02T12:17:49+00:00","dateModified":"2025-07-29T07:52:42+00:00","breadcrumb":{"@id":"https:\/\/saurabooking.com\/en\/news\/#breadcrumb"},"inLanguage":"en-US","potentialAction":[{"@type":"ReadAction","target":["https:\/\/saurabooking.com\/en\/news\/"]}]},{"@type":"BreadcrumbList","@id":"https:\/\/saurabooking.com\/en\/news\/#breadcrumb","itemListElement":[{"@type":"ListItem","position":1,"name":"Home","item":"https:\/\/saurabooking.com\/en\/"},{"@type":"ListItem","position":2,"name":"News"}]},{"@type":"WebSite","@id":"https:\/\/saurabooking.com\/en\/#website","url":"https:\/\/saurabooking.com\/en\/","name":"Saura Booking Agency","description":"Music Agency and Management","potentialAction":[{"@type":"SearchAction","target":{"@type":"EntryPoint","urlTemplate":"https:\/\/saurabooking.com\/en\/?s={search_term_string}"},"query-input":{"@type":"PropertyValueSpecification","valueRequired":true,"valueName":"search_term_string"}}],"inLanguage":"en-US"}]}},"_links":{"self":[{"href":"https:\/\/saurabooking.com\/en\/wp-json\/wp\/v2\/pages\/4041","targetHints":{"allow":["GET"]}}],"collection":[{"href":"https:\/\/saurabooking.com\/en\/wp-json\/wp\/v2\/pages"}],"about":[{"href":"https:\/\/saurabooking.com\/en\/wp-json\/wp\/v2\/types\/page"}],"author":[{"embeddable":true,"href":"https:\/\/saurabooking.com\/en\/wp-json\/wp\/v2\/users\/1"}],"replies":[{"embeddable":true,"href":"https:\/\/saurabooking.com\/en\/wp-json\/wp\/v2\/comments?post=4041"}],"version-history":[{"count":4,"href":"https:\/\/saurabooking.com\/en\/wp-json\/wp\/v2\/pages\/4041\/revisions"}],"predecessor-version":[{"id":5327,"href":"https:\/\/saurabooking.com\/en\/wp-json\/wp\/v2\/pages\/4041\/revisions\/5327"}],"wp:attachment":[{"href":"https:\/\/saurabooking.com\/en\/wp-json\/wp\/v2\/media?parent=4041"}],"curies":[{"name":"wp","href":"https:\/\/api.w.org\/{rel}","templated":true}]}}